{"id":412,"date":"2020-10-18T15:57:23","date_gmt":"2020-10-18T13:57:23","guid":{"rendered":"http:\/\/stage.cenetae.it\/?page_id=412"},"modified":"2020-10-18T15:57:23","modified_gmt":"2020-10-18T13:57:23","slug":"quale-bicchiere-scegliere","status":"publish","type":"page","link":"https:\/\/www.cenetae.it\/index.php\/quale-bicchiere-scegliere\/","title":{"rendered":"QUALE BICCHIERE SCEGLIERE?"},"content":{"rendered":"<div class=\"fusion-fullwidth fullwidth-box fusion-builder-row-1 fusion-flex-container nonhundred-percent-fullwidth non-hundred-percent-height-scrolling\" style=\"--awb-border-radius-top-left:0px;--awb-border-radius-top-right:0px;--awb-border-radius-bottom-right:0px;--awb-border-radius-bottom-left:0px;--awb-flex-wrap:wrap;\" ><div class=\"fusion-builder-row fusion-row fusion-flex-align-items-flex-start fusion-flex-content-wrap\" style=\"max-width:1352px;margin-left: calc(-4% \/ 2 );margin-right: calc(-4% \/ 2 );\"><div class=\"fusion-layout-column fusion_builder_column fusion-builder-column-0 fusion_builder_column_1_1 1_1 fusion-flex-column\" style=\"--awb-bg-size:cover;--awb-width-large:100%;--awb-margin-top-large:15px;--awb-spacing-right-large:1.92%;--awb-margin-bottom-large:15px;--awb-spacing-left-large:1.92%;--awb-width-medium:100%;--awb-order-medium:0;--awb-spacing-right-medium:1.92%;--awb-spacing-left-medium:1.92%;--awb-width-small:100%;--awb-order-small:0;--awb-spacing-right-small:1.92%;--awb-spacing-left-small:1.92%;\"><div class=\"fusion-column-wrapper fusion-column-has-shadow fusion-flex-justify-content-flex-start fusion-content-layout-column\"><div class=\"fusion-text fusion-text-1\"><h1 style=\"text-align: center;\">QUALE BICCHIERE SCEGLIERE?<\/h1>\n<\/div><div class=\"fusion-separator fusion-full-width-sep\" style=\"align-self: center;margin-left: auto;margin-right: auto;margin-top:20px;margin-bottom:20px;width:100%;\"><div class=\"fusion-separator-border sep-double\" style=\"--awb-height:20px;--awb-amount:20px;border-color:#eaeaea;border-top-width:0px;border-bottom-width:0px;\"><\/div><\/div><div class=\"fusion-text fusion-text-2\"><h3>Bicchieri per vini rossi<\/h3>\n<\/div><div class=\"fusion-text fusion-text-3\"><p><img decoding=\"async\" class=\"size-full wp-image-413 alignleft\" src=\"https:\/\/www.cenetae.it\/wp-content\/uploads\/2020\/10\/bic_rosso.png\" alt=\"\" width=\"60\" height=\"60\" srcset=\"https:\/\/www.cenetae.it\/wp-content\/uploads\/2020\/10\/bic_rosso-50x50.png 50w, https:\/\/www.cenetae.it\/wp-content\/uploads\/2020\/10\/bic_rosso.png 60w\" sizes=\"(max-width: 60px) 100vw, 60px\" \/><\/p>\n<p>I vini rossi giovani si degustano in bicchieri simili a quelli usati per i vini bianchi strutturati o maturi. Devono essere leggermente pi\u00f9 grandi con il corpo del bicchiere largo da consentire un\u2019adeguata ossigenazione e sviluppo degli aromi.<\/p>\n<\/div><div class=\"fusion-separator fusion-full-width-sep\" style=\"align-self: center;margin-left: auto;margin-right: auto;margin-top:20px;margin-bottom:20px;width:100%;\"><div class=\"fusion-separator-border sep-double\" style=\"--awb-height:20px;--awb-amount:20px;border-color:#eaeaea;border-top-width:0px;border-bottom-width:0px;\"><\/div><\/div><div class=\"fusion-text fusion-text-4\"><h3>Bicchieri per vini bianchi<\/h3>\n<\/div><div class=\"fusion-text fusion-text-5\"><p><img decoding=\"async\" class=\"size-full wp-image-418 alignleft\" src=\"https:\/\/www.cenetae.it\/wp-content\/uploads\/2020\/10\/bic_bianco.png\" alt=\"\" width=\"60\" height=\"60\" srcset=\"https:\/\/www.cenetae.it\/wp-content\/uploads\/2020\/10\/bic_bianco-50x50.png 50w, https:\/\/www.cenetae.it\/wp-content\/uploads\/2020\/10\/bic_bianco.png 60w\" sizes=\"(max-width: 60px) 100vw, 60px\" \/><\/p>\n<p>Questi tipi di vino vengono maggiormente apprezzati nei bicchieri la cui caratteristica principale \u00e8 la forma della sua apertura che tende ad allargarsi rispetto al corpo. Questo tipo di bicchiere con una bocca non troppo grande permette di concentrare i profumi verso il naso al fine di poter meglio cogliere sensazioni volatili come la freschezza e sentori di fiori e frutta tipici dei vini giovani.<\/p>\n<\/div><div class=\"fusion-separator fusion-full-width-sep\" style=\"align-self: center;margin-left: auto;margin-right: auto;margin-top:20px;margin-bottom:20px;width:100%;\"><div class=\"fusion-separator-border sep-double\" style=\"--awb-height:20px;--awb-amount:20px;border-color:#eaeaea;border-top-width:0px;border-bottom-width:0px;\"><\/div><\/div><div class=\"fusion-text fusion-text-6\"><h3>Bicchieri per il prosecco<\/h3>\n<\/div><div class=\"fusion-text fusion-text-7\"><p><img decoding=\"async\" class=\"size-full wp-image-419 alignleft\" src=\"https:\/\/www.cenetae.it\/wp-content\/uploads\/2020\/10\/bic_prosec.png\" alt=\"\" width=\"60\" height=\"60\" srcset=\"https:\/\/www.cenetae.it\/wp-content\/uploads\/2020\/10\/bic_prosec-50x50.png 50w, https:\/\/www.cenetae.it\/wp-content\/uploads\/2020\/10\/bic_prosec.png 60w\" sizes=\"(max-width: 60px) 100vw, 60px\" \/><\/p>\n<p>Per la degustazione del vino prosecco \u00e8 stato studiato e realizzato un calice che grazie alla sua forma romboidale permette di esaltarne le caratteristiche organolettiche, quali il profumo fresco e fruttato ed il sapore amabile ed armonico.<\/p>\n<\/div><div class=\"fusion-separator fusion-full-width-sep\" style=\"align-self: center;margin-left: auto;margin-right: auto;margin-top:20px;margin-bottom:20px;width:100%;\"><div class=\"fusion-separator-border sep-double\" style=\"--awb-height:20px;--awb-amount:20px;border-color:#eaeaea;border-top-width:0px;border-bottom-width:0px;\"><\/div><\/div><div class=\"fusion-text fusion-text-8\"><h3>Bicchieri per le grappe<\/h3>\n<\/div><div class=\"fusion-text fusion-text-9\"><p><img decoding=\"async\" class=\"size-full wp-image-420 alignleft\" src=\"https:\/\/www.cenetae.it\/wp-content\/uploads\/2020\/10\/bic_grappa.png\" alt=\"\" width=\"60\" height=\"60\" srcset=\"https:\/\/www.cenetae.it\/wp-content\/uploads\/2020\/10\/bic_grappa-50x50.png 50w, https:\/\/www.cenetae.it\/wp-content\/uploads\/2020\/10\/bic_grappa.png 60w\" sizes=\"(max-width: 60px) 100vw, 60px\" \/><\/p>\n<p>Il bicchiere pi\u00f9 adatto alla degustazione delle grappe \u00e8 quello a forma di tulipano piccolo. Questo bicchiere ha la caratteristica di avere la bocca pi\u00f9 stretta rispetto al corpo allargandosi poi nella parte terminale, permettendo di concentrare i profumi verso il naso al fine di poter meglio cogliere sensazioni volatili come la freschezza.<\/p>\n<\/div><\/div><\/div><\/div><\/div>\n","protected":false},"excerpt":{"rendered":"","protected":false},"author":1,"featured_media":0,"parent":0,"menu_order":0,"comment_status":"closed","ping_status":"closed","template":"","meta":{"footnotes":""},"class_list":["post-412","page","type-page","status-publish","hentry"],"_links":{"self":[{"href":"https:\/\/www.cenetae.it\/index.php\/wp-json\/wp\/v2\/pages\/412","targetHints":{"allow":["GET"]}}],"collection":[{"href":"https:\/\/www.cenetae.it\/index.php\/wp-json\/wp\/v2\/pages"}],"about":[{"href":"https:\/\/www.cenetae.it\/index.php\/wp-json\/wp\/v2\/types\/page"}],"author":[{"embeddable":true,"href":"https:\/\/www.cenetae.it\/index.php\/wp-json\/wp\/v2\/users\/1"}],"replies":[{"embeddable":true,"href":"https:\/\/www.cenetae.it\/index.php\/wp-json\/wp\/v2\/comments?post=412"}],"version-history":[{"count":5,"href":"https:\/\/www.cenetae.it\/index.php\/wp-json\/wp\/v2\/pages\/412\/revisions"}],"predecessor-version":[{"id":421,"href":"https:\/\/www.cenetae.it\/index.php\/wp-json\/wp\/v2\/pages\/412\/revisions\/421"}],"wp:attachment":[{"href":"https:\/\/www.cenetae.it\/index.php\/wp-json\/wp\/v2\/media?parent=412"}],"curies":[{"name":"wp","href":"https:\/\/api.w.org\/{rel}","templated":true}]}}